{"id":149,"date":"2024-02-12T18:41:25","date_gmt":"2024-02-12T18:41:25","guid":{"rendered":"https:\/\/audiovisualmedia.es\/academia\/?post_type=product&#038;p=149"},"modified":"2024-02-25T07:43:13","modified_gmt":"2024-02-25T07:43:13","slug":"licencias-a1-a3-a2","status":"publish","type":"product","link":"https:\/\/audiovisualmedia.es\/academia\/producto\/licencias-a1-a3-a2\/","title":{"rendered":"Licencias A1\/A3 + A2"},"content":{"rendered":"<p>En este bloque te iniciar\u00e1s en el mundo de los drones, empezar\u00e1s por las nociones b\u00e1sicas para la obtenci\u00f3n de la primera licencia de Piloto de drones (A1\/A3) y luego se incluir\u00e1 la segunda parte del licencia pasando por obtener un nivel m\u00e1s de pilotaje (A2)<\/p>\n","protected":false},"excerpt":{"rendered":"<p>En este bloque te iniciar\u00e1s en el mundo de los drones, empezar\u00e1s por las nociones b\u00e1sicas para la obtenci\u00f3n de la primera licencia de Piloto de drones (A1\/A3) y luego se incluir\u00e1 la segunda parte del licencia pasando por obtener un nivel m\u00e1s de pilotaje (A2)<\/p>\n","protected":false},"featured_media":367,"comment_status":"closed","ping_status":"closed","template":"","meta":[],"product_cat":[17],"product_tag":[],"class_list":{"0":"post-149","1":"product","2":"type-product","3":"status-publish","4":"has-post-thumbnail","6":"product_cat-sin-categorizar","8":"first","9":"instock","10":"virtual","11":"sold-individually","12":"purchasable","13":"product-type-simple"},"yoast_head":"<!-- This site is optimized with the Yoast SEO plugin v22.0 - https:\/\/yoast.com\/wordpress\/plugins\/seo\/ -->\n<title>Licencias A1\/A3 + A2 - Audiovisual Media<\/title>\n<meta name=\"robots\" content=\"index, follow, max-snippet:-1, max-image-preview:large, max-video-preview:-1\" \/>\n<link rel=\"canonical\" href=\"https:\/\/audiovisualmedia.es\/academia\/producto\/licencias-a1-a3-a2\/\" \/>\n<meta property=\"og:locale\" content=\"es_ES\" \/>\n<meta property=\"og:type\" content=\"article\" \/>\n<meta property=\"og:title\" content=\"Licencias A1\/A3 + A2 - Audiovisual Media\" \/>\n<meta property=\"og:description\" content=\"En este bloque te iniciar\u00e1s en el mundo de los drones, empezar\u00e1s por las nociones b\u00e1sicas para la obtenci\u00f3n de la primera licencia de Piloto de drones (A1\/A3) y luego se incluir\u00e1 la segunda parte del licencia pasando por obtener un nivel m\u00e1s de pilotaje (A2)\" \/>\n<meta property=\"og:url\" content=\"https:\/\/audiovisualmedia.es\/academia\/producto\/licencias-a1-a3-a2\/\" \/>\n<meta property=\"og:site_name\" content=\"Audiovisual Media\" \/>\n<meta property=\"article:modified_time\" content=\"2024-02-25T07:43:13+00:00\" \/>\n<meta property=\"og:image\" content=\"https:\/\/audiovisualmedia.es\/academia\/wp-content\/uploads\/2024\/02\/Imagen-de-WhatsApp-2024-02-13-a-las-11.22.50_fe5dc2ce.jpg\" \/>\n\t<meta property=\"og:image:width\" content=\"800\" \/>\n\t<meta property=\"og:image:height\" content=\"800\" \/>\n\t<meta property=\"og:image:type\" content=\"image\/jpeg\" \/>\n<meta name=\"twitter:card\" content=\"summary_large_image\" \/>\n<meta name=\"twitter:label1\" content=\"Tiempo de lectura\" \/>\n\t<meta name=\"twitter:data1\" content=\"1 minuto\" \/>\n<script type=\"application\/ld+json\" class=\"yoast-schema-graph\">{\"@context\":\"https:\/\/schema.org\",\"@graph\":[{\"@type\":\"WebPage\",\"@id\":\"https:\/\/audiovisualmedia.es\/academia\/producto\/licencias-a1-a3-a2\/\",\"url\":\"https:\/\/audiovisualmedia.es\/academia\/producto\/licencias-a1-a3-a2\/\",\"name\":\"Licencias A1\/A3 + A2 - Audiovisual Media\",\"isPartOf\":{\"@id\":\"https:\/\/audiovisualmedia.es\/academia\/#website\"},\"datePublished\":\"2024-02-12T18:41:25+00:00\",\"dateModified\":\"2024-02-25T07:43:13+00:00\",\"breadcrumb\":{\"@id\":\"https:\/\/audiovisualmedia.es\/academia\/producto\/licencias-a1-a3-a2\/#breadcrumb\"},\"inLanguage\":\"es\",\"potentialAction\":[{\"@type\":\"ReadAction\",\"target\":[\"https:\/\/audiovisualmedia.es\/academia\/producto\/licencias-a1-a3-a2\/\"]}]},{\"@type\":\"BreadcrumbList\",\"@id\":\"https:\/\/audiovisualmedia.es\/academia\/producto\/licencias-a1-a3-a2\/#breadcrumb\",\"itemListElement\":[{\"@type\":\"ListItem\",\"position\":1,\"name\":\"Portada\",\"item\":\"https:\/\/audiovisualmedia.es\/academia\/\"},{\"@type\":\"ListItem\",\"position\":2,\"name\":\"Tienda\",\"item\":\"https:\/\/audiovisualmedia.es\/academia\/tienda\/\"},{\"@type\":\"ListItem\",\"position\":3,\"name\":\"Licencias A1\/A3 + A2\"}]},{\"@type\":\"WebSite\",\"@id\":\"https:\/\/audiovisualmedia.es\/academia\/#website\",\"url\":\"https:\/\/audiovisualmedia.es\/academia\/\",\"name\":\"Audiovisual Media\",\"description\":\"\",\"publisher\":{\"@id\":\"https:\/\/audiovisualmedia.es\/academia\/#organization\"},\"potentialAction\":[{\"@type\":\"SearchAction\",\"target\":{\"@type\":\"EntryPoint\",\"urlTemplate\":\"https:\/\/audiovisualmedia.es\/academia\/?s={search_term_string}\"},\"query-input\":\"required name=search_term_string\"}],\"inLanguage\":\"es\"},{\"@type\":\"Organization\",\"@id\":\"https:\/\/audiovisualmedia.es\/academia\/#organization\",\"name\":\"Audiovisual Media\",\"url\":\"https:\/\/audiovisualmedia.es\/academia\/\",\"logo\":{\"@type\":\"ImageObject\",\"inLanguage\":\"es\",\"@id\":\"https:\/\/audiovisualmedia.es\/academia\/#\/schema\/logo\/image\/\",\"url\":\"https:\/\/audiovisualmedia.es\/academia\/wp-content\/uploads\/2024\/02\/cropped-logo-1.png\",\"contentUrl\":\"https:\/\/audiovisualmedia.es\/academia\/wp-content\/uploads\/2024\/02\/cropped-logo-1.png\",\"width\":200,\"height\":58,\"caption\":\"Audiovisual Media\"},\"image\":{\"@id\":\"https:\/\/audiovisualmedia.es\/academia\/#\/schema\/logo\/image\/\"}}]}<\/script>\n<!-- \/ Yoast SEO plugin. -->","yoast_head_json":{"title":"Licencias A1\/A3 + A2 - Audiovisual Media","robots":{"index":"index","follow":"follow","max-snippet":"max-snippet:-1","max-image-preview":"max-image-preview:large","max-video-preview":"max-video-preview:-1"},"canonical":"https:\/\/audiovisualmedia.es\/academia\/producto\/licencias-a1-a3-a2\/","og_locale":"es_ES","og_type":"article","og_title":"Licencias A1\/A3 + A2 - Audiovisual Media","og_description":"En este bloque te iniciar\u00e1s en el mundo de los drones, empezar\u00e1s por las nociones b\u00e1sicas para la obtenci\u00f3n de la primera licencia de Piloto de drones (A1\/A3) y luego se incluir\u00e1 la segunda parte del licencia pasando por obtener un nivel m\u00e1s de pilotaje (A2)","og_url":"https:\/\/audiovisualmedia.es\/academia\/producto\/licencias-a1-a3-a2\/","og_site_name":"Audiovisual Media","article_modified_time":"2024-02-25T07:43:13+00:00","og_image":[{"width":800,"height":800,"url":"https:\/\/audiovisualmedia.es\/academia\/wp-content\/uploads\/2024\/02\/Imagen-de-WhatsApp-2024-02-13-a-las-11.22.50_fe5dc2ce.jpg","type":"image\/jpeg"}],"twitter_card":"summary_large_image","twitter_misc":{"Tiempo de lectura":"1 minuto"},"schema":{"@context":"https:\/\/schema.org","@graph":[{"@type":"WebPage","@id":"https:\/\/audiovisualmedia.es\/academia\/producto\/licencias-a1-a3-a2\/","url":"https:\/\/audiovisualmedia.es\/academia\/producto\/licencias-a1-a3-a2\/","name":"Licencias A1\/A3 + A2 - Audiovisual Media","isPartOf":{"@id":"https:\/\/audiovisualmedia.es\/academia\/#website"},"datePublished":"2024-02-12T18:41:25+00:00","dateModified":"2024-02-25T07:43:13+00:00","breadcrumb":{"@id":"https:\/\/audiovisualmedia.es\/academia\/producto\/licencias-a1-a3-a2\/#breadcrumb"},"inLanguage":"es","potentialAction":[{"@type":"ReadAction","target":["https:\/\/audiovisualmedia.es\/academia\/producto\/licencias-a1-a3-a2\/"]}]},{"@type":"BreadcrumbList","@id":"https:\/\/audiovisualmedia.es\/academia\/producto\/licencias-a1-a3-a2\/#breadcrumb","itemListElement":[{"@type":"ListItem","position":1,"name":"Portada","item":"https:\/\/audiovisualmedia.es\/academia\/"},{"@type":"ListItem","position":2,"name":"Tienda","item":"https:\/\/audiovisualmedia.es\/academia\/tienda\/"},{"@type":"ListItem","position":3,"name":"Licencias A1\/A3 + A2"}]},{"@type":"WebSite","@id":"https:\/\/audiovisualmedia.es\/academia\/#website","url":"https:\/\/audiovisualmedia.es\/academia\/","name":"Audiovisual Media","description":"","publisher":{"@id":"https:\/\/audiovisualmedia.es\/academia\/#organization"},"potentialAction":[{"@type":"SearchAction","target":{"@type":"EntryPoint","urlTemplate":"https:\/\/audiovisualmedia.es\/academia\/?s={search_term_string}"},"query-input":"required name=search_term_string"}],"inLanguage":"es"},{"@type":"Organization","@id":"https:\/\/audiovisualmedia.es\/academia\/#organization","name":"Audiovisual Media","url":"https:\/\/audiovisualmedia.es\/academia\/","logo":{"@type":"ImageObject","inLanguage":"es","@id":"https:\/\/audiovisualmedia.es\/academia\/#\/schema\/logo\/image\/","url":"https:\/\/audiovisualmedia.es\/academia\/wp-content\/uploads\/2024\/02\/cropped-logo-1.png","contentUrl":"https:\/\/audiovisualmedia.es\/academia\/wp-content\/uploads\/2024\/02\/cropped-logo-1.png","width":200,"height":58,"caption":"Audiovisual Media"},"image":{"@id":"https:\/\/audiovisualmedia.es\/academia\/#\/schema\/logo\/image\/"}}]}},"_links":{"self":[{"href":"https:\/\/audiovisualmedia.es\/academia\/wp-json\/wp\/v2\/product\/149","targetHints":{"allow":["GET"]}}],"collection":[{"href":"https:\/\/audiovisualmedia.es\/academia\/wp-json\/wp\/v2\/product"}],"about":[{"href":"https:\/\/audiovisualmedia.es\/academia\/wp-json\/wp\/v2\/types\/product"}],"replies":[{"embeddable":true,"href":"https:\/\/audiovisualmedia.es\/academia\/wp-json\/wp\/v2\/comments?post=149"}],"wp:featuredmedia":[{"embeddable":true,"href":"https:\/\/audiovisualmedia.es\/academia\/wp-json\/wp\/v2\/media\/367"}],"wp:attachment":[{"href":"https:\/\/audiovisualmedia.es\/academia\/wp-json\/wp\/v2\/media?parent=149"}],"wp:term":[{"taxonomy":"product_cat","embeddable":true,"href":"https:\/\/audiovisualmedia.es\/academia\/wp-json\/wp\/v2\/product_cat?post=149"},{"taxonomy":"product_tag","embeddable":true,"href":"https:\/\/audiovisualmedia.es\/academia\/wp-json\/wp\/v2\/product_tag?post=149"}],"curies":[{"name":"wp","href":"https:\/\/api.w.org\/{rel}","templated":true}]}}