{"id":90,"date":"2024-02-12T11:30:09","date_gmt":"2024-02-12T11:30:09","guid":{"rendered":"https:\/\/audiovisualmedia.es\/academia\/index.php\/carrito\/"},"modified":"2024-02-21T21:31:03","modified_gmt":"2024-02-21T21:31:03","slug":"carrito","status":"publish","type":"page","link":"https:\/\/audiovisualmedia.es\/academia\/carrito\/","title":{"rendered":"Carrito"},"content":{"rendered":"\t\t<div data-elementor-type=\"wp-page\" data-elementor-id=\"90\" class=\"elementor elementor-90\">\n\t\t\t\t<div class=\"elementor-element elementor-element-1305c0c2 e-flex e-con-boxed e-con e-parent\" data-id=\"1305c0c2\" data-element_type=\"container\" data-settings=\"{&quot;background_background&quot;:&quot;classic&quot;,&quot;content_width&quot;:&quot;boxed&quot;}\" data-core-v316-plus=\"true\">\n\t\t\t\t\t<div class=\"e-con-inner\">\n\t\t\t\t<div class=\"elementor-element elementor-element-4b4b49a6 elementor-widget elementor-widget-text-editor\" data-id=\"4b4b49a6\" data-element_type=\"widget\" data-widget_type=\"text-editor.default\">\n\t\t\t\t<div class=\"elementor-widget-container\">\n\t\t\t<style>\/*! elementor - v3.19.0 - 07-02-2024 *\/\n.elementor-widget-text-editor.elementor-drop-cap-view-stacked .elementor-drop-cap{background-color:#69727d;color:#fff}.elementor-widget-text-editor.elementor-drop-cap-view-framed .elementor-drop-cap{color:#69727d;border:3px solid;background-color:transparent}.elementor-widget-text-editor:not(.elementor-drop-cap-view-default) .elementor-drop-cap{margin-top:8px}.elementor-widget-text-editor:not(.elementor-drop-cap-view-default) .elementor-drop-cap-letter{width:1em;height:1em}.elementor-widget-text-editor .elementor-drop-cap{float:left;text-align:center;line-height:1;font-size:50px}.elementor-widget-text-editor .elementor-drop-cap-letter{display:inline-block}<\/style>\t\t\t\t<!-- wp:woocommerce\/cart -->\n<div class=\"wp-block-woocommerce-cart alignwide is-loading\"><!-- wp:woocommerce\/filled-cart-block -->\n<div class=\"wp-block-woocommerce-filled-cart-block\"><!-- wp:woocommerce\/cart-items-block -->\n<div class=\"wp-block-woocommerce-cart-items-block\"><!-- wp:woocommerce\/cart-line-items-block -->\n<div class=\"wp-block-woocommerce-cart-line-items-block\"><\/div>\n<!-- \/wp:woocommerce\/cart-line-items-block -->\n\n<!-- wp:woocommerce\/cart-cross-sells-block -->\n<div class=\"wp-block-woocommerce-cart-cross-sells-block\"><!-- wp:heading {\"fontSize\":\"large\"} -->\n<h2 class=\"wp-block-heading has-large-font-size\">Puede que te interese\u2026<\/h2>\n<!-- \/wp:heading -->\n\n<!-- wp:woocommerce\/cart-cross-sells-products-block -->\n<div class=\"wp-block-woocommerce-cart-cross-sells-products-block\"><\/div>\n<!-- \/wp:woocommerce\/cart-cross-sells-products-block --><\/div>\n<!-- \/wp:woocommerce\/cart-cross-sells-block --><\/div>\n<!-- \/wp:woocommerce\/cart-items-block -->\n\n<!-- wp:woocommerce\/cart-totals-block -->\n<div class=\"wp-block-woocommerce-cart-totals-block\"><!-- wp:woocommerce\/cart-order-summary-block -->\n<div class=\"wp-block-woocommerce-cart-order-summary-block\"><!-- wp:woocommerce\/cart-order-summary-heading-block -->\n<div class=\"wp-block-woocommerce-cart-order-summary-heading-block\"><\/div>\n<!-- \/wp:woocommerce\/cart-order-summary-heading-block -->\n\n<!-- wp:woocommerce\/cart-order-summary-coupon-form-block -->\n<div class=\"wp-block-woocommerce-cart-order-summary-coupon-form-block\"><\/div>\n<!-- \/wp:woocommerce\/cart-order-summary-coupon-form-block -->\n\n<!-- wp:woocommerce\/cart-order-summary-subtotal-block -->\n<div class=\"wp-block-woocommerce-cart-order-summary-subtotal-block\"><\/div>\n<!-- \/wp:woocommerce\/cart-order-summary-subtotal-block -->\n\n<!-- wp:woocommerce\/cart-order-summary-fee-block -->\n<div class=\"wp-block-woocommerce-cart-order-summary-fee-block\"><\/div>\n<!-- \/wp:woocommerce\/cart-order-summary-fee-block -->\n\n<!-- wp:woocommerce\/cart-order-summary-discount-block -->\n<div class=\"wp-block-woocommerce-cart-order-summary-discount-block\"><\/div>\n<!-- \/wp:woocommerce\/cart-order-summary-discount-block -->\n\n<!-- wp:woocommerce\/cart-order-summary-shipping-block -->\n<div class=\"wp-block-woocommerce-cart-order-summary-shipping-block\"><\/div>\n<!-- \/wp:woocommerce\/cart-order-summary-shipping-block -->\n\n<!-- wp:woocommerce\/cart-order-summary-taxes-block -->\n<div class=\"wp-block-woocommerce-cart-order-summary-taxes-block\"><\/div>\n<!-- \/wp:woocommerce\/cart-order-summary-taxes-block --><\/div>\n<!-- \/wp:woocommerce\/cart-order-summary-block -->\n\n<!-- wp:woocommerce\/cart-express-payment-block -->\n<div class=\"wp-block-woocommerce-cart-express-payment-block\"><\/div>\n<!-- \/wp:woocommerce\/cart-express-payment-block -->\n\n<!-- wp:woocommerce\/proceed-to-checkout-block -->\n<div class=\"wp-block-woocommerce-proceed-to-checkout-block\"><\/div>\n<!-- \/wp:woocommerce\/proceed-to-checkout-block -->\n\n<!-- wp:woocommerce\/cart-accepted-payment-methods-block -->\n<div class=\"wp-block-woocommerce-cart-accepted-payment-methods-block\"><\/div>\n<!-- \/wp:woocommerce\/cart-accepted-payment-methods-block --><\/div>\n<!-- \/wp:woocommerce\/cart-totals-block --><\/div>\n<!-- \/wp:woocommerce\/filled-cart-block -->\n\n<!-- wp:woocommerce\/empty-cart-block -->\n<div class=\"wp-block-woocommerce-empty-cart-block\"><!-- wp:heading {\"textAlign\":\"center\",\"className\":\"with-empty-cart-icon wc-block-cart__empty-cart__title\"} -->\n<h2 class=\"wp-block-heading has-text-align-center with-empty-cart-icon wc-block-cart__empty-cart__title\">\u00a1Tu carrito est\u00e1 actualmente vac\u00edo!<\/h2>\n<!-- \/wp:heading -->\n\n<!-- wp:separator {\"className\":\"is-style-dots\"} -->\n<hr class=\"wp-block-separator has-alpha-channel-opacity is-style-dots\"\/>\n<!-- \/wp:separator -->\n\n<!-- wp:heading {\"textAlign\":\"center\"} -->\n<h2 class=\"wp-block-heading has-text-align-center\">Nuevo en la tienda<\/h2>\n<!-- \/wp:heading -->\n\n<!-- wp:woocommerce\/product-new {\"columns\":4,\"rows\":1} \/--><\/div>\n<!-- \/wp:woocommerce\/empty-cart-block --><\/div>\n<!-- \/wp:woocommerce\/cart -->\t\t\t\t\t\t<\/div>\n\t\t\t\t<\/div>\n\t\t\t\t\t<\/div>\n\t\t\t\t<\/div>\n\t\t<div class=\"elementor-element elementor-element-8c3ac4d e-flex e-con-boxed e-con e-parent\" data-id=\"8c3ac4d\" data-element_type=\"container\" data-settings=\"{&quot;content_width&quot;:&quot;boxed&quot;}\" data-core-v316-plus=\"true\">\n\t\t\t\t\t<div class=\"e-con-inner\">\n\t\t\t\t<div class=\"elementor-element elementor-element-08ae2d8 elementor-widget elementor-widget-learnpress_list_courses\" data-id=\"08ae2d8\" data-element_type=\"widget\" data-widget_type=\"learnpress_list_courses.default\">\n\t\t\t\t<div class=\"elementor-widget-container\">\n\t\t\t\t\t\t<div class=\"lp-archive-courses\">\n\t\t\t\t<ul class=\"learn-press-courses lp-list-courses-no-css\" data-layout=\"grid\"\n\t\t\t\t\tdata-size=\"10\">\n\t\t\t\t\t<li class=\"course\"><div class=\"course-item\"><div class=\"course-wrap-thumbnail\"><div class=\"course-thumbnail\"><a href=\"https:\/\/audiovisualmedia.es\/academia\/courses\/licencias-a1-a3-a2\/\"><div class=\"course-img\"><img fetchpriority=\"high\" decoding=\"async\" width=\"300\" height=\"300\" src=\"https:\/\/audiovisualmedia.es\/academia\/wp-content\/uploads\/2024\/02\/Imagen-de-WhatsApp-2024-02-13-a-las-11.22.50_fe5dc2ce.jpg\" class=\"attachment-500x300 size-500x300 wp-post-image\" alt=\"Licencias A1\/A3 + A2\" title=\"Licencias A1\/A3 + A2\" srcset=\"https:\/\/audiovisualmedia.es\/academia\/wp-content\/uploads\/2024\/02\/Imagen-de-WhatsApp-2024-02-13-a-las-11.22.50_fe5dc2ce.jpg 800w, https:\/\/audiovisualmedia.es\/academia\/wp-content\/uploads\/2024\/02\/Imagen-de-WhatsApp-2024-02-13-a-las-11.22.50_fe5dc2ce-300x300.jpg 300w, https:\/\/audiovisualmedia.es\/academia\/wp-content\/uploads\/2024\/02\/Imagen-de-WhatsApp-2024-02-13-a-las-11.22.50_fe5dc2ce-150x150.jpg 150w, https:\/\/audiovisualmedia.es\/academia\/wp-content\/uploads\/2024\/02\/Imagen-de-WhatsApp-2024-02-13-a-las-11.22.50_fe5dc2ce-768x768.jpg 768w, https:\/\/audiovisualmedia.es\/academia\/wp-content\/uploads\/2024\/02\/Imagen-de-WhatsApp-2024-02-13-a-las-11.22.50_fe5dc2ce-600x600.jpg 600w, https:\/\/audiovisualmedia.es\/academia\/wp-content\/uploads\/2024\/02\/Imagen-de-WhatsApp-2024-02-13-a-las-11.22.50_fe5dc2ce-100x100.jpg 100w\" sizes=\"(max-width: 300px) 100vw, 300px\" \/><\/div><\/a><\/div><\/div><div class=\"course-content\"><span class=\"course-instructor\"><a href=\"https:\/\/audiovisualmedia.es\/academia\/instructor\/audiovisual-media\/\"><span><span class=\"instructor-display-name\">Audiovisual Media<\/span><\/span><\/a><\/span><a class=\"course-permalink\" href=\"https:\/\/audiovisualmedia.es\/academia\/courses\/licencias-a1-a3-a2\/\"><span class=\"course-title\">Licencias A1\/A3 + A2<\/span><\/a><div class=\"course-wrap-meta\"><div class=\"meta-item meta-item-duration\"><span class=\"course-duration\">Duraci\u00f3n<\/span><\/div><div class=\"meta-item meta-item-level\"><span class=\"course-level\">Principiante<\/span><\/div><div class=\"meta-item meta-item-lesson\"><div class=\"course-count-lesson\">2 Lecci\u00f3n<\/div><\/div><div class=\"meta-item meta-item-quiz\"><div class=\"course-count-quiz\">5 Cuestionario<\/div><\/div><div class=\"meta-item meta-item-student\"><div class=\"course-count-student\">4 Students<\/div><\/div><\/div><div class=\"separator\"><\/div><div class=\"course-info\"><p class=\"course-short-description\">En este bloque te iniciar\u00e1s en el mundo de los drones, empezar\u00e1s por las nociones...<\/p><div class=\"clearfix\"><\/div><div class=\"course-footer\"><div class=\"course-price\"><span class=\"course-item-price\"><span class=\"origin-price\">&euro;199.00<\/span><span class=\"price\">&euro;150.00<\/span><\/span><\/div><\/div><div class=\"course-readmore\"><a href=\"https:\/\/audiovisualmedia.es\/academia\/courses\/licencias-a1-a3-a2\/\">Read more<\/a><\/div><\/div><\/div><\/div><\/li><li class=\"course\"><div class=\"course-item\"><div class=\"course-wrap-thumbnail\"><div class=\"course-thumbnail\"><a href=\"https:\/\/audiovisualmedia.es\/academia\/courses\/pack-completo\/\"><div class=\"course-img\"><img decoding=\"async\" width=\"300\" height=\"300\" src=\"https:\/\/audiovisualmedia.es\/academia\/wp-content\/uploads\/2024\/02\/11111111111.jpg\" class=\"attachment-500x300 size-500x300 wp-post-image\" alt=\"Pack Completo\" title=\"Pack Completo\" srcset=\"https:\/\/audiovisualmedia.es\/academia\/wp-content\/uploads\/2024\/02\/11111111111.jpg 800w, https:\/\/audiovisualmedia.es\/academia\/wp-content\/uploads\/2024\/02\/11111111111-300x300.jpg 300w, https:\/\/audiovisualmedia.es\/academia\/wp-content\/uploads\/2024\/02\/11111111111-150x150.jpg 150w, https:\/\/audiovisualmedia.es\/academia\/wp-content\/uploads\/2024\/02\/11111111111-768x768.jpg 768w, https:\/\/audiovisualmedia.es\/academia\/wp-content\/uploads\/2024\/02\/11111111111-600x600.jpg 600w, https:\/\/audiovisualmedia.es\/academia\/wp-content\/uploads\/2024\/02\/11111111111-100x100.jpg 100w\" sizes=\"(max-width: 300px) 100vw, 300px\" \/><\/div><\/a><\/div><\/div><div class=\"course-content\"><span class=\"course-instructor\"><a href=\"https:\/\/audiovisualmedia.es\/academia\/instructor\/audiovisual-media\/\"><span><span class=\"instructor-display-name\">Audiovisual Media<\/span><\/span><\/a><\/span><a class=\"course-permalink\" href=\"https:\/\/audiovisualmedia.es\/academia\/courses\/pack-completo\/\"><span class=\"course-title\">Pack Completo<\/span><\/a><div class=\"course-wrap-meta\"><div class=\"meta-item meta-item-duration\"><span class=\"course-duration\">10 Weeks<\/span><\/div><div class=\"meta-item meta-item-level\"><span class=\"course-level\">Todos los niveles<\/span><\/div><div class=\"meta-item meta-item-lesson\"><div class=\"course-count-lesson\">0 Lecci\u00f3n<\/div><\/div><div class=\"meta-item meta-item-quiz\"><div class=\"course-count-quiz\">0 Cuestionario<\/div><\/div><div class=\"meta-item meta-item-student\"><div class=\"course-count-student\">0 Students<\/div><\/div><\/div><div class=\"separator\"><\/div><div class=\"course-info\"><p class=\"course-short-description\"><\/p><div class=\"clearfix\"><\/div><div class=\"course-footer\"><div class=\"course-price\"><span class=\"course-item-price\"><span class=\"price\">&euro;800.00<\/span><\/span><\/div><\/div><div class=\"course-readmore\"><a href=\"https:\/\/audiovisualmedia.es\/academia\/courses\/pack-completo\/\">Read more<\/a><\/div><\/div><\/div><\/div><\/li><li class=\"course\"><div class=\"course-item\"><div class=\"course-wrap-thumbnail\"><div class=\"course-thumbnail\"><a href=\"https:\/\/audiovisualmedia.es\/academia\/courses\/practicas-sts01-02\/\"><div class=\"course-img\"><img decoding=\"async\" width=\"300\" height=\"300\" src=\"https:\/\/audiovisualmedia.es\/academia\/wp-content\/uploads\/2024\/02\/111111111.jpg\" class=\"attachment-500x300 size-500x300 wp-post-image\" alt=\"Pr\u00e1cticas STS01\/02\" title=\"Pr\u00e1cticas STS01\/02\" srcset=\"https:\/\/audiovisualmedia.es\/academia\/wp-content\/uploads\/2024\/02\/111111111.jpg 800w, https:\/\/audiovisualmedia.es\/academia\/wp-content\/uploads\/2024\/02\/111111111-300x300.jpg 300w, https:\/\/audiovisualmedia.es\/academia\/wp-content\/uploads\/2024\/02\/111111111-150x150.jpg 150w, https:\/\/audiovisualmedia.es\/academia\/wp-content\/uploads\/2024\/02\/111111111-768x768.jpg 768w, https:\/\/audiovisualmedia.es\/academia\/wp-content\/uploads\/2024\/02\/111111111-600x600.jpg 600w, https:\/\/audiovisualmedia.es\/academia\/wp-content\/uploads\/2024\/02\/111111111-100x100.jpg 100w\" sizes=\"(max-width: 300px) 100vw, 300px\" \/><\/div><\/a><\/div><\/div><div class=\"course-content\"><span class=\"course-instructor\"><a href=\"https:\/\/audiovisualmedia.es\/academia\/instructor\/audiovisual-media\/\"><span><span class=\"instructor-display-name\">Audiovisual Media<\/span><\/span><\/a><\/span><a class=\"course-permalink\" href=\"https:\/\/audiovisualmedia.es\/academia\/courses\/practicas-sts01-02\/\"><span class=\"course-title\">Pr\u00e1cticas STS01\/02<\/span><\/a><div class=\"course-wrap-meta\"><div class=\"meta-item meta-item-duration\"><span class=\"course-duration\">10 Weeks<\/span><\/div><div class=\"meta-item meta-item-level\"><span class=\"course-level\">Todos los niveles<\/span><\/div><div class=\"meta-item meta-item-lesson\"><div class=\"course-count-lesson\">0 Lecci\u00f3n<\/div><\/div><div class=\"meta-item meta-item-quiz\"><div class=\"course-count-quiz\">0 Cuestionario<\/div><\/div><div class=\"meta-item meta-item-student\"><div class=\"course-count-student\">0 Students<\/div><\/div><\/div><div class=\"separator\"><\/div><div class=\"course-info\"><p class=\"course-short-description\"><\/p><div class=\"clearfix\"><\/div><div class=\"course-footer\"><div class=\"course-price\"><span class=\"course-item-price\"><span class=\"origin-price\">&euro;250.00<\/span><span class=\"price\">&euro;180.00<\/span><\/span><\/div><\/div><div class=\"course-readmore\"><a href=\"https:\/\/audiovisualmedia.es\/academia\/courses\/practicas-sts01-02\/\">Read more<\/a><\/div><\/div><\/div><\/div><\/li>\t\t\t\t<\/ul>\n\t\t\t<\/div>\n\t\t\t\t\t<\/div>\n\t\t\t\t<\/div>\n\t\t\t\t\t<\/div>\n\t\t\t\t<\/div>\n\t\t\t\t<\/div>\n\t\t","protected":false},"excerpt":{"rendered":"<p>Audiovisual MediaLicencias A1\/A3 + A2Duraci\u00f3nPrincipiante2 1 Cuestionario4 Students En este bloque te iniciar\u00e1s en el mundo de los drones, empezar\u00e1s [&hellip;]<\/p>\n","protected":false},"author":1,"featured_media":0,"parent":0,"menu_order":0,"comment_status":"closed","ping_status":"closed","template":"","meta":{"footnotes":""},"class_list":["post-90","page","type-page","status-publish","hentry"],"yoast_head":"<!-- This site is optimized with the Yoast SEO plugin v22.0 - https:\/\/yoast.com\/wordpress\/plugins\/seo\/ -->\n<title>Carrito - Audiovisual Media<\/title>\n<meta name=\"robots\" content=\"index, follow, max-snippet:-1, max-image-preview:large, max-video-preview:-1\" \/>\n<link rel=\"canonical\" href=\"https:\/\/audiovisualmedia.es\/academia\/carrito\/\" \/>\n<meta property=\"og:locale\" content=\"es_ES\" \/>\n<meta property=\"og:type\" content=\"article\" \/>\n<meta property=\"og:title\" content=\"Carrito - Audiovisual Media\" \/>\n<meta property=\"og:description\" content=\"Audiovisual MediaLicencias A1\/A3 + A2Duraci\u00f3nPrincipiante2 1 Cuestionario4 Students En este bloque te iniciar\u00e1s en el mundo de los drones, empezar\u00e1s [&hellip;]\" \/>\n<meta property=\"og:url\" content=\"https:\/\/audiovisualmedia.es\/academia\/carrito\/\" \/>\n<meta property=\"og:site_name\" content=\"Audiovisual Media\" \/>\n<meta property=\"article:modified_time\" content=\"2024-02-21T21:31:03+00:00\" \/>\n<meta property=\"og:image\" content=\"https:\/\/audiovisualmedia.es\/academia\/wp-content\/uploads\/2024\/02\/Imagen-de-WhatsApp-2024-02-13-a-las-11.22.50_fe5dc2ce.jpg\" \/>\n<meta name=\"twitter:card\" content=\"summary_large_image\" \/>\n<meta name=\"twitter:label1\" content=\"Tiempo de lectura\" \/>\n\t<meta name=\"twitter:data1\" content=\"1 minuto\" \/>\n<script type=\"application\/ld+json\" class=\"yoast-schema-graph\">{\"@context\":\"https:\/\/schema.org\",\"@graph\":[{\"@type\":\"WebPage\",\"@id\":\"https:\/\/audiovisualmedia.es\/academia\/carrito\/\",\"url\":\"https:\/\/audiovisualmedia.es\/academia\/carrito\/\",\"name\":\"Carrito - Audiovisual Media\",\"isPartOf\":{\"@id\":\"https:\/\/audiovisualmedia.es\/academia\/#website\"},\"datePublished\":\"2024-02-12T11:30:09+00:00\",\"dateModified\":\"2024-02-21T21:31:03+00:00\",\"breadcrumb\":{\"@id\":\"https:\/\/audiovisualmedia.es\/academia\/carrito\/#breadcrumb\"},\"inLanguage\":\"es\",\"potentialAction\":[{\"@type\":\"ReadAction\",\"target\":[\"https:\/\/audiovisualmedia.es\/academia\/carrito\/\"]}]},{\"@type\":\"BreadcrumbList\",\"@id\":\"https:\/\/audiovisualmedia.es\/academia\/carrito\/#breadcrumb\",\"itemListElement\":[{\"@type\":\"ListItem\",\"position\":1,\"name\":\"Portada\",\"item\":\"https:\/\/audiovisualmedia.es\/academia\/\"},{\"@type\":\"ListItem\",\"position\":2,\"name\":\"Carrito\"}]},{\"@type\":\"WebSite\",\"@id\":\"https:\/\/audiovisualmedia.es\/academia\/#website\",\"url\":\"https:\/\/audiovisualmedia.es\/academia\/\",\"name\":\"Audiovisual Media\",\"description\":\"\",\"publisher\":{\"@id\":\"https:\/\/audiovisualmedia.es\/academia\/#organization\"},\"potentialAction\":[{\"@type\":\"SearchAction\",\"target\":{\"@type\":\"EntryPoint\",\"urlTemplate\":\"https:\/\/audiovisualmedia.es\/academia\/?s={search_term_string}\"},\"query-input\":\"required name=search_term_string\"}],\"inLanguage\":\"es\"},{\"@type\":\"Organization\",\"@id\":\"https:\/\/audiovisualmedia.es\/academia\/#organization\",\"name\":\"Audiovisual Media\",\"url\":\"https:\/\/audiovisualmedia.es\/academia\/\",\"logo\":{\"@type\":\"ImageObject\",\"inLanguage\":\"es\",\"@id\":\"https:\/\/audiovisualmedia.es\/academia\/#\/schema\/logo\/image\/\",\"url\":\"https:\/\/audiovisualmedia.es\/academia\/wp-content\/uploads\/2024\/02\/cropped-logo-1.png\",\"contentUrl\":\"https:\/\/audiovisualmedia.es\/academia\/wp-content\/uploads\/2024\/02\/cropped-logo-1.png\",\"width\":200,\"height\":58,\"caption\":\"Audiovisual Media\"},\"image\":{\"@id\":\"https:\/\/audiovisualmedia.es\/academia\/#\/schema\/logo\/image\/\"}}]}<\/script>\n<!-- \/ Yoast SEO plugin. -->","yoast_head_json":{"title":"Carrito - Audiovisual Media","robots":{"index":"index","follow":"follow","max-snippet":"max-snippet:-1","max-image-preview":"max-image-preview:large","max-video-preview":"max-video-preview:-1"},"canonical":"https:\/\/audiovisualmedia.es\/academia\/carrito\/","og_locale":"es_ES","og_type":"article","og_title":"Carrito - Audiovisual Media","og_description":"Audiovisual MediaLicencias A1\/A3 + A2Duraci\u00f3nPrincipiante2 1 Cuestionario4 Students En este bloque te iniciar\u00e1s en el mundo de los drones, empezar\u00e1s [&hellip;]","og_url":"https:\/\/audiovisualmedia.es\/academia\/carrito\/","og_site_name":"Audiovisual Media","article_modified_time":"2024-02-21T21:31:03+00:00","og_image":[{"url":"https:\/\/audiovisualmedia.es\/academia\/wp-content\/uploads\/2024\/02\/Imagen-de-WhatsApp-2024-02-13-a-las-11.22.50_fe5dc2ce.jpg"}],"twitter_card":"summary_large_image","twitter_misc":{"Tiempo de lectura":"1 minuto"},"schema":{"@context":"https:\/\/schema.org","@graph":[{"@type":"WebPage","@id":"https:\/\/audiovisualmedia.es\/academia\/carrito\/","url":"https:\/\/audiovisualmedia.es\/academia\/carrito\/","name":"Carrito - Audiovisual Media","isPartOf":{"@id":"https:\/\/audiovisualmedia.es\/academia\/#website"},"datePublished":"2024-02-12T11:30:09+00:00","dateModified":"2024-02-21T21:31:03+00:00","breadcrumb":{"@id":"https:\/\/audiovisualmedia.es\/academia\/carrito\/#breadcrumb"},"inLanguage":"es","potentialAction":[{"@type":"ReadAction","target":["https:\/\/audiovisualmedia.es\/academia\/carrito\/"]}]},{"@type":"BreadcrumbList","@id":"https:\/\/audiovisualmedia.es\/academia\/carrito\/#breadcrumb","itemListElement":[{"@type":"ListItem","position":1,"name":"Portada","item":"https:\/\/audiovisualmedia.es\/academia\/"},{"@type":"ListItem","position":2,"name":"Carrito"}]},{"@type":"WebSite","@id":"https:\/\/audiovisualmedia.es\/academia\/#website","url":"https:\/\/audiovisualmedia.es\/academia\/","name":"Audiovisual Media","description":"","publisher":{"@id":"https:\/\/audiovisualmedia.es\/academia\/#organization"},"potentialAction":[{"@type":"SearchAction","target":{"@type":"EntryPoint","urlTemplate":"https:\/\/audiovisualmedia.es\/academia\/?s={search_term_string}"},"query-input":"required name=search_term_string"}],"inLanguage":"es"},{"@type":"Organization","@id":"https:\/\/audiovisualmedia.es\/academia\/#organization","name":"Audiovisual Media","url":"https:\/\/audiovisualmedia.es\/academia\/","logo":{"@type":"ImageObject","inLanguage":"es","@id":"https:\/\/audiovisualmedia.es\/academia\/#\/schema\/logo\/image\/","url":"https:\/\/audiovisualmedia.es\/academia\/wp-content\/uploads\/2024\/02\/cropped-logo-1.png","contentUrl":"https:\/\/audiovisualmedia.es\/academia\/wp-content\/uploads\/2024\/02\/cropped-logo-1.png","width":200,"height":58,"caption":"Audiovisual Media"},"image":{"@id":"https:\/\/audiovisualmedia.es\/academia\/#\/schema\/logo\/image\/"}}]}},"_links":{"self":[{"href":"https:\/\/audiovisualmedia.es\/academia\/wp-json\/wp\/v2\/pages\/90","targetHints":{"allow":["GET"]}}],"collection":[{"href":"https:\/\/audiovisualmedia.es\/academia\/wp-json\/wp\/v2\/pages"}],"about":[{"href":"https:\/\/audiovisualmedia.es\/academia\/wp-json\/wp\/v2\/types\/page"}],"author":[{"embeddable":true,"href":"https:\/\/audiovisualmedia.es\/academia\/wp-json\/wp\/v2\/users\/1"}],"replies":[{"embeddable":true,"href":"https:\/\/audiovisualmedia.es\/academia\/wp-json\/wp\/v2\/comments?post=90"}],"version-history":[{"count":18,"href":"https:\/\/audiovisualmedia.es\/academia\/wp-json\/wp\/v2\/pages\/90\/revisions"}],"predecessor-version":[{"id":639,"href":"https:\/\/audiovisualmedia.es\/academia\/wp-json\/wp\/v2\/pages\/90\/revisions\/639"}],"wp:attachment":[{"href":"https:\/\/audiovisualmedia.es\/academia\/wp-json\/wp\/v2\/media?parent=90"}],"curies":[{"name":"wp","href":"https:\/\/api.w.org\/{rel}","templated":true}]}}